{"id":19600,"date":"2025-11-26T14:10:36","date_gmt":"2025-11-26T13:10:36","guid":{"rendered":"https:\/\/www.scbs-education.com\/?page_id=19600"},"modified":"2025-11-26T14:10:36","modified_gmt":"2025-11-26T13:10:36","slug":"receive-my-brochure","status":"publish","type":"page","link":"https:\/\/www.scbs-education.com\/en\/receive-my-brochure","title":{"rendered":"Receive my brochure"},"content":{"rendered":"\n<main class=\"ik-block-group wp-block-group alignfull recevoir-brochure is-layout-constrained wp-block-group-is-layout-constrained\"><div class=\"yoast-breadcrumbs\"><span><span><a href=\"https:\/\/www.scbs-education.com\/en\">SCBS<\/a><\/span> \ud83e\udc62 <span class=\"breadcrumb_last\" aria-current=\"page\">Receive my brochure<\/span><\/span><\/div>\n\n\n<div class=\"ik-block-group wp-block-group alignwide entry-content brochure-content is-layout-constrained wp-block-group-is-layout-constrained\">\n<div class=\"wp-block-columns is-layout-flex wp-container-core-columns-is-layout-28f84493 wp-block-columns-is-layout-flex\">\n<div class=\"wp-block-column single-event-content is-layout-flow wp-block-column-is-layout-flow\">\n<div class=\"ik-block-group wp-block-group event-resume is-layout-constrained wp-block-group-is-layout-constrained\">\n<h1 class=\"wp-block-heading has-first-color has-text-color has-link-color wp-elements-7199b9b938864efbfbf52cdd44a14b98\"><em>Receive<\/em> <strong>my brochure<\/strong><\/h1>\n\n\n\n<figure class=\"wp-block-image size-full\"><img loading=\"lazy\" decoding=\"async\" width=\"651\" height=\"761\" src=\"https:\/\/www.scbs-education.com\/wp-content\/uploads\/2025\/08\/recevoir-ma-brochure-scbs.jpg\" alt=\"\" class=\"wp-image-1307\" srcset=\"https:\/\/www.scbs-education.com\/wp-content\/uploads\/2025\/08\/recevoir-ma-brochure-scbs.jpg 651w, https:\/\/www.scbs-education.com\/wp-content\/uploads\/2025\/08\/recevoir-ma-brochure-scbs-257x300.jpg 257w\" sizes=\"auto, (max-width: 651px) 100vw, 651px\" \/><\/figure>\n<\/div>\n<\/div>\n\n\n\n<div class=\"wp-block-column single-event-form is-layout-flow wp-block-column-is-layout-flow\"><div class=\"oscar-formulaires\" id=\"oscar_school_form_container\" lang=\"fr\">\n    <div id=\"oscar_school_form_body\">\n        <form method=\"POST\" id=\"oscar_school_form\" action=\"https:\/\/v3.oscar-campus.com\/y_schools\/forms\" data-action=\"https:\/\/v3.oscar-campus.com\/y_schools\/forms\" class=\"oscar-forms oscar-form-22 oscar-lang-fr\"  v-on:submit=\"submitForm\">\n    <div class=\"username_field\">\n        <label for=\"username\">Type your username<\/label>\n        <input type=\"text\" id=\"username\" name=\"username\" value=\"\">\n    <\/div><input type=\"hidden\" name=\"token\" value=\"NV2lPmhRgIGJoUpmaeZQv\"><input type=\"hidden\" name=\"formID\" value=\"22\"><input type=\"hidden\" name=\"utm_campaign\" value=\"\"><input type=\"hidden\" name=\"utm_source\" value=\"\"><input type=\"hidden\" name=\"utm_medium\" value=\"\"><input type=\"hidden\" name=\"utm_term\" value=\"\"><input type=\"hidden\" name=\"utm_content\" value=\"\"><input type=\"hidden\" name=\"choix_de_campus_1_ref_id\" value=\"97\"><input type=\"hidden\" name=\"statut_du_contact_ref_id\" value=\"67\"><input type=\"hidden\" name=\"niveau_dinteret_ref_id\" value=\"66\"><input type=\"hidden\" name=\"annee_academique_ref_id\" value=\"7754\"><fieldset class=\" form-group\">\n    <label for=\"oscar-763-prenom\">\n        Pr\u00e9nom                    <span><sup>(*)<\/sup><\/span>\n                <\/label>\n    <input\n        type=\"text\"\n        id=\"oscar-763-prenom\"\n        class=\"oscar-prenom form-control\"\n        name=\"prenom\"\n                    required=\"required\"\n                    placeholder=\"\">\n<\/fieldset>\n<fieldset class=\"postal_standard form-group\">\n    <label for=\"oscar-764-nom\">\n        Nom                    <span><sup>(*)<\/sup><\/span>\n                <\/label>\n    <input\n        type=\"text\"\n        id=\"oscar-764-nom\"\n        class=\"oscar-nom form-control\"\n        name=\"nom\"\n                    required=\"required\"\n                    placeholder=\"\">\n<\/fieldset>\n<fieldset class=\"postal_standard form-group\">\n    <label for=\"oscar-765-ville\">\n        Ville            <\/label>\n    <input\n        type=\"text\"\n        id=\"oscar-765-ville\"\n        class=\"oscar-ville form-control\"\n        name=\"ville\"\n                placeholder=\"\">\n<\/fieldset>\n<fieldset class=\"postal_standard form-group\">\n    <label for=\"oscar-766-code_postal\">\n        Code postal            <\/label>\n    <input\n        type=\"text\"\n        id=\"oscar-766-code_postal\"\n        class=\"oscar-code_postal form-control\"\n        name=\"code_postal\"\n                placeholder=\"\">\n<\/fieldset>\n<fieldset class=\" form-group\">\n    <label for=\"oscar-767-email\">\n        Email                    <span><sup>(*)<\/sup><\/span>\n                <\/label>\n    <input\n        type=\"email\"\n        id=\"oscar-767-email\"\n        class=\"oscar-email form-control\"\n        name=\"email\"\n                    required=\"required\"\n                    placeholder=\"\">\n<\/fieldset>\n\n<fieldset class=\" form-group\">\n    <label for=\"oscar-768-portable\">\n        T\u00e9l\u00e9phone                    <span><sup>(*)<\/sup><\/span>\n                <\/label>\n    <input\n        type=\"tel\"\n        id=\"oscar-768-portable\"\n        class=\"oscar-portable form-control\"\n        name=\"portable\"\n                    required=\"required\"\n                    placeholder=\"\">\n<\/fieldset>\n<fieldset class=\" form-group\">\n    <label for=\"oscar-3418-etudiant_international\">\n        Votre dernier dipl\u00f4me obtenu est-il un dipl\u00f4me \u00e9tranger ?                    <span><sup>(*)<\/sup><\/span>\n                <\/label>\n            <label class=\"label-choix\">\n        <input\n                type=\"radio\"\n                id=\"oscar-3418-etudiant_international\"\n                class=\"oscar-etudiant_international form-control\"\n                name=\"etudiant_international\"\n                value=\"1\">\n            Yes        <\/label>\n                <label class=\"label-choix\">\n        <input\n                type=\"radio\"\n                id=\"oscar-3418-etudiant_international\"\n                class=\"oscar-etudiant_international form-control\"\n                name=\"etudiant_international\"\n                value=\"0\">\n            No        <\/label>\n            <\/fieldset>\n<fieldset class=\" form-group\">\n    <label for=\"oscar-770-level_ref_id\">\n        Niveau d&#8217;\u00e9tude actuel                    <span><sup>(*)<\/sup><\/span>\n                <\/label>\n    <select\n        id=\"oscar-770-level_ref_id\"\n        class=\"oscar-level_ref_id form-control\"\n        name=\"level_ref_id\"\n        v-on:change=\"determineRelatedFieldsOptions\"\n        v-on:focus=\"displayAvailableOptions\"\n                    required=\"required\"\n            >\n        <option value=\"\">Select your choice<\/option>\n                        <option\n                        value=\"11\">\n                    Premi\u00e8re                <\/option>\n                                <option\n                        value=\"12\">\n                    Terminale                <\/option>\n                                <option\n                        value=\"6513\">\n                    Niveau Bac                <\/option>\n                                <option\n                        value=\"7519\">\n                    Bac                <\/option>\n                                <option\n                        value=\"13\">\n                    Bac +1                <\/option>\n                                <option\n                        value=\"14\">\n                    Bac +2                <\/option>\n                                <option\n                        value=\"15\">\n                    Bac +3                <\/option>\n                                <option\n                        value=\"16\">\n                    Bac +4                <\/option>\n                                <option\n                        value=\"17\">\n                    Bac +5                <\/option>\n                                <option\n                        value=\"19\">\n                    Autre                <\/option>\n                    <\/select>\n    <\/fieldset>\n<fieldset class=\" form-group\">\n    <label for=\"oscar-769-formation_souhaitee_formation_id\">\n        Programme souhait\u00e9                    <span><sup>(*)<\/sup><\/span>\n                <\/label>\n    <select\n        id=\"oscar-769-formation_souhaitee_formation_id\"\n        class=\"oscar-formation_souhaitee_formation_id form-control\"\n        name=\"formation_souhaitee_formation_id\"\n        v-on:change=\"determineRelatedFieldsOptions\"\n        v-on:focus=\"displayAvailableOptions\"\n                    required=\"required\"\n            >\n        <option value=\"\">Select your choice<\/option>\n                        <option\n                        value=\"7\">\n                    BeM &#8211; 1                <\/option>\n                                <option\n                        value=\"8\">\n                    BeM &#8211; 2                <\/option>\n                                <option\n                        value=\"9\">\n                    BeM &#8211; 3                <\/option>\n                                <option\n                        value=\"10\">\n                    BBA &#8211; 1                <\/option>\n                                <option\n                        value=\"11\">\n                    BBA &#8211; 2                <\/option>\n                                <option\n                        value=\"12\">\n                    BBA &#8211; 3                <\/option>\n                                <option\n                        value=\"13\">\n                    PGE &#8211; 1                <\/option>\n                                <option\n                        value=\"14\">\n                    PGE &#8211; 2                <\/option>\n                                <option\n                        value=\"18\">\n                    PGE &#8211; 3                <\/option>\n                                <option\n                        value=\"16\">\n                    MSc ICE                <\/option>\n                                <option\n                        value=\"469\">\n                    MSc MLSE                <\/option>\n                                <option\n                        value=\"470\">\n                    MSc FISF                <\/option>\n                                <option\n                        value=\"488\">\n                    MSc IASC                <\/option>\n                                <option\n                        value=\"489\">\n                    MSc RSM                <\/option>\n                    <\/select>\n    <\/fieldset>\n<fieldset class=\" form-group\">\n    <label for=\"oscar-962-message\">\n        Message            <\/label>\n    <textarea\n        id=\"oscar-962-message\"\n        class=\"oscar-message form-control\"\n        name=\"message\"\n                rows=\"5\"\n        placeholder=\"\">\n    <\/textarea>\n<\/fieldset>\n\n<fieldset class=\" form-group\">\n    <label for=\"oscar-771-cnil\">\n        J&#8217;autorise l&#8217;\u00e9tablissement \u00e0 me contacter                    <span><sup>(*)<\/sup><\/span>\n                <\/label>\n            <label class=\"label-choix\">\n        <input\n                type=\"radio\"\n                id=\"oscar-771-cnil\"\n                class=\"oscar-cnil form-control\"\n                name=\"cnil\"\n                value=\"1\">\n            Yes        <\/label>\n                <label class=\"label-choix\">\n        <input\n                type=\"radio\"\n                id=\"oscar-771-cnil\"\n                class=\"oscar-cnil form-control\"\n                name=\"cnil\"\n                value=\"0\">\n            No        <\/label>\n            <\/fieldset>\n    <fieldset class=\"submit-fieldset form-group\">\n        <div class=\"scbs-input-submit\">\n            <button type=\"submit\">\n                Send                <div style=\"display: inline-block;\" v-if=\"loading\">\n                    <vue-simple-spinner class=\"spinner\" size=\"small\" style=\"padding-left:.25em;\" \/>\n                <\/div>\n            <\/button>\n        <\/div>\n\n        <p><sup>(*)<\/sup> Required fields<\/p>\n    <\/fieldset>\n<\/form>\n<link rel=\"stylesheet\" href=\"https:\/\/v3.oscar-campus.com\/css\/school_form.css\">\n<script src=\"https:\/\/v3.oscar-campus.com\/js\/school_form.js\"><\/script>\n<script id=\"formationsConstraintsCombos\" type=\"application\/json\">\n<\/script>\n        <div class=\"alert\" :class=\"alertClass\" role=\"alert\" v-if=\"message\" v-html=\"message\"><\/div>\n    <\/div>\n<\/div>\n<\/div>\n<\/div>\n<\/div>\n<\/main>\n","protected":false},"excerpt":{"rendered":"<p>Receive my brochure<\/p>\n","protected":false},"author":3,"featured_media":0,"parent":0,"menu_order":0,"comment_status":"closed","ping_status":"closed","template":"","meta":{"_acf_changed":false,"footnotes":""},"class_list":["post-19600","page","type-page","status-publish","hentry"],"acf":[],"yoast_head":"<!-- This site is optimized with the Yoast SEO plugin v27.3 - https:\/\/yoast.com\/product\/yoast-seo-wordpress\/ -->\n<title>SCBS - Receive the training brochure<\/title>\n<meta name=\"description\" content=\"SCBS brochure: download the free brochure to find out more about our programs, prices, work-study programs and student life.\" \/>\n<meta name=\"robots\" content=\"index, follow, max-snippet:-1, max-image-preview:large, max-video-preview:-1\" \/>\n<link rel=\"canonical\" href=\"https:\/\/www.scbs-education.com\/en\/receive-my-brochure\" \/>\n<meta property=\"og:locale\" content=\"en_US\" \/>\n<meta property=\"og:type\" content=\"article\" \/>\n<meta property=\"og:title\" content=\"SCBS - Receive the training brochure\" \/>\n<meta property=\"og:description\" content=\"SCBS brochure: download the free brochure to find out more about our programs, prices, work-study programs and student life.\" \/>\n<meta property=\"og:url\" content=\"https:\/\/www.scbs-education.com\/en\/receive-my-brochure\" \/>\n<meta property=\"og:site_name\" content=\"SCBS\" \/>\n<meta property=\"og:image\" content=\"https:\/\/www.scbs-education.com\/wp-content\/uploads\/2025\/08\/recevoir-ma-brochure-scbs.jpg\" \/>\n\t<meta property=\"og:image:width\" content=\"651\" \/>\n\t<meta property=\"og:image:height\" content=\"761\" \/>\n\t<meta property=\"og:image:type\" content=\"image\/jpeg\" \/>\n<meta name=\"twitter:card\" content=\"summary_large_image\" \/>\n<script type=\"application\/ld+json\" class=\"yoast-schema-graph\">{\"@context\":\"https:\\\/\\\/schema.org\",\"@graph\":[{\"@type\":\"WebPage\",\"@id\":\"https:\\\/\\\/www.scbs-education.com\\\/en\\\/receive-my-brochure\",\"url\":\"https:\\\/\\\/www.scbs-education.com\\\/en\\\/receive-my-brochure\",\"name\":\"SCBS - Receive the training brochure\",\"isPartOf\":{\"@id\":\"https:\\\/\\\/www.scbs-education.com\\\/en#website\"},\"primaryImageOfPage\":{\"@id\":\"https:\\\/\\\/www.scbs-education.com\\\/en\\\/receive-my-brochure#primaryimage\"},\"image\":{\"@id\":\"https:\\\/\\\/www.scbs-education.com\\\/en\\\/receive-my-brochure#primaryimage\"},\"thumbnailUrl\":\"https:\\\/\\\/www.scbs-education.com\\\/wp-content\\\/uploads\\\/2025\\\/08\\\/recevoir-ma-brochure-scbs.jpg\",\"datePublished\":\"2025-11-26T13:10:36+00:00\",\"description\":\"SCBS brochure: download the free brochure to find out more about our programs, prices, work-study programs and student life.\",\"breadcrumb\":{\"@id\":\"https:\\\/\\\/www.scbs-education.com\\\/en\\\/receive-my-brochure#breadcrumb\"},\"inLanguage\":\"en-US\",\"potentialAction\":[{\"@type\":\"ReadAction\",\"target\":[\"https:\\\/\\\/www.scbs-education.com\\\/en\\\/receive-my-brochure\"]}]},{\"@type\":\"ImageObject\",\"inLanguage\":\"en-US\",\"@id\":\"https:\\\/\\\/www.scbs-education.com\\\/en\\\/receive-my-brochure#primaryimage\",\"url\":\"https:\\\/\\\/www.scbs-education.com\\\/wp-content\\\/uploads\\\/2025\\\/08\\\/recevoir-ma-brochure-scbs.jpg\",\"contentUrl\":\"https:\\\/\\\/www.scbs-education.com\\\/wp-content\\\/uploads\\\/2025\\\/08\\\/recevoir-ma-brochure-scbs.jpg\"},{\"@type\":\"BreadcrumbList\",\"@id\":\"https:\\\/\\\/www.scbs-education.com\\\/en\\\/receive-my-brochure#breadcrumb\",\"itemListElement\":[{\"@type\":\"ListItem\",\"position\":1,\"name\":\"SCBS\",\"item\":\"https:\\\/\\\/www.scbs-education.com\\\/en\"},{\"@type\":\"ListItem\",\"position\":2,\"name\":\"Receive my brochure\"}]},{\"@type\":\"WebSite\",\"@id\":\"https:\\\/\\\/www.scbs-education.com\\\/en#website\",\"url\":\"https:\\\/\\\/www.scbs-education.com\\\/en\",\"name\":\"SCBS\",\"description\":\"\",\"publisher\":{\"@id\":\"https:\\\/\\\/www.scbs-education.com\\\/en#organization\"},\"potentialAction\":[{\"@type\":\"SearchAction\",\"target\":{\"@type\":\"EntryPoint\",\"urlTemplate\":\"https:\\\/\\\/www.scbs-education.com\\\/en?s={search_term_string}\"},\"query-input\":{\"@type\":\"PropertyValueSpecification\",\"valueRequired\":true,\"valueName\":\"search_term_string\"}}],\"inLanguage\":\"en-US\"},{\"@type\":\"Organization\",\"@id\":\"https:\\\/\\\/www.scbs-education.com\\\/en#organization\",\"name\":\"SCBS\",\"url\":\"https:\\\/\\\/www.scbs-education.com\\\/en\",\"logo\":{\"@type\":\"ImageObject\",\"inLanguage\":\"en-US\",\"@id\":\"https:\\\/\\\/www.scbs-education.com\\\/en#\\\/schema\\\/logo\\\/image\\\/\",\"url\":\"https:\\\/\\\/www.scbs-education.com\\\/wp-content\\\/uploads\\\/2025\\\/09\\\/logo-scbs.svg\",\"contentUrl\":\"https:\\\/\\\/www.scbs-education.com\\\/wp-content\\\/uploads\\\/2025\\\/09\\\/logo-scbs.svg\",\"caption\":\"SCBS\"},\"image\":{\"@id\":\"https:\\\/\\\/www.scbs-education.com\\\/en#\\\/schema\\\/logo\\\/image\\\/\"}}]}<\/script>\n<!-- \/ Yoast SEO plugin. -->","yoast_head_json":{"title":"SCBS - Receive the training brochure","description":"SCBS brochure: download the free brochure to find out more about our programs, prices, work-study programs and student life.","robots":{"index":"index","follow":"follow","max-snippet":"max-snippet:-1","max-image-preview":"max-image-preview:large","max-video-preview":"max-video-preview:-1"},"canonical":"https:\/\/www.scbs-education.com\/en\/receive-my-brochure","og_locale":"en_US","og_type":"article","og_title":"SCBS - Receive the training brochure","og_description":"SCBS brochure: download the free brochure to find out more about our programs, prices, work-study programs and student life.","og_url":"https:\/\/www.scbs-education.com\/en\/receive-my-brochure","og_site_name":"SCBS","og_image":[{"width":651,"height":761,"url":"https:\/\/www.scbs-education.com\/wp-content\/uploads\/2025\/08\/recevoir-ma-brochure-scbs.jpg","type":"image\/jpeg"}],"twitter_card":"summary_large_image","schema":{"@context":"https:\/\/schema.org","@graph":[{"@type":"WebPage","@id":"https:\/\/www.scbs-education.com\/en\/receive-my-brochure","url":"https:\/\/www.scbs-education.com\/en\/receive-my-brochure","name":"SCBS - Receive the training brochure","isPartOf":{"@id":"https:\/\/www.scbs-education.com\/en#website"},"primaryImageOfPage":{"@id":"https:\/\/www.scbs-education.com\/en\/receive-my-brochure#primaryimage"},"image":{"@id":"https:\/\/www.scbs-education.com\/en\/receive-my-brochure#primaryimage"},"thumbnailUrl":"https:\/\/www.scbs-education.com\/wp-content\/uploads\/2025\/08\/recevoir-ma-brochure-scbs.jpg","datePublished":"2025-11-26T13:10:36+00:00","description":"SCBS brochure: download the free brochure to find out more about our programs, prices, work-study programs and student life.","breadcrumb":{"@id":"https:\/\/www.scbs-education.com\/en\/receive-my-brochure#breadcrumb"},"inLanguage":"en-US","potentialAction":[{"@type":"ReadAction","target":["https:\/\/www.scbs-education.com\/en\/receive-my-brochure"]}]},{"@type":"ImageObject","inLanguage":"en-US","@id":"https:\/\/www.scbs-education.com\/en\/receive-my-brochure#primaryimage","url":"https:\/\/www.scbs-education.com\/wp-content\/uploads\/2025\/08\/recevoir-ma-brochure-scbs.jpg","contentUrl":"https:\/\/www.scbs-education.com\/wp-content\/uploads\/2025\/08\/recevoir-ma-brochure-scbs.jpg"},{"@type":"BreadcrumbList","@id":"https:\/\/www.scbs-education.com\/en\/receive-my-brochure#breadcrumb","itemListElement":[{"@type":"ListItem","position":1,"name":"SCBS","item":"https:\/\/www.scbs-education.com\/en"},{"@type":"ListItem","position":2,"name":"Receive my brochure"}]},{"@type":"WebSite","@id":"https:\/\/www.scbs-education.com\/en#website","url":"https:\/\/www.scbs-education.com\/en","name":"SCBS","description":"","publisher":{"@id":"https:\/\/www.scbs-education.com\/en#organization"},"potentialAction":[{"@type":"SearchAction","target":{"@type":"EntryPoint","urlTemplate":"https:\/\/www.scbs-education.com\/en?s={search_term_string}"},"query-input":{"@type":"PropertyValueSpecification","valueRequired":true,"valueName":"search_term_string"}}],"inLanguage":"en-US"},{"@type":"Organization","@id":"https:\/\/www.scbs-education.com\/en#organization","name":"SCBS","url":"https:\/\/www.scbs-education.com\/en","logo":{"@type":"ImageObject","inLanguage":"en-US","@id":"https:\/\/www.scbs-education.com\/en#\/schema\/logo\/image\/","url":"https:\/\/www.scbs-education.com\/wp-content\/uploads\/2025\/09\/logo-scbs.svg","contentUrl":"https:\/\/www.scbs-education.com\/wp-content\/uploads\/2025\/09\/logo-scbs.svg","caption":"SCBS"},"image":{"@id":"https:\/\/www.scbs-education.com\/en#\/schema\/logo\/image\/"}}]}},"_links":{"self":[{"href":"https:\/\/www.scbs-education.com\/en\/wp-json\/wp\/v2\/pages\/19600","targetHints":{"allow":["GET"]}}],"collection":[{"href":"https:\/\/www.scbs-education.com\/en\/wp-json\/wp\/v2\/pages"}],"about":[{"href":"https:\/\/www.scbs-education.com\/en\/wp-json\/wp\/v2\/types\/page"}],"author":[{"embeddable":true,"href":"https:\/\/www.scbs-education.com\/en\/wp-json\/wp\/v2\/users\/3"}],"replies":[{"embeddable":true,"href":"https:\/\/www.scbs-education.com\/en\/wp-json\/wp\/v2\/comments?post=19600"}],"version-history":[{"count":1,"href":"https:\/\/www.scbs-education.com\/en\/wp-json\/wp\/v2\/pages\/19600\/revisions"}],"predecessor-version":[{"id":19601,"href":"https:\/\/www.scbs-education.com\/en\/wp-json\/wp\/v2\/pages\/19600\/revisions\/19601"}],"wp:attachment":[{"href":"https:\/\/www.scbs-education.com\/en\/wp-json\/wp\/v2\/media?parent=19600"}],"curies":[{"name":"wp","href":"https:\/\/api.w.org\/{rel}","templated":true}]}}